{"id":959,"date":"2025-02-09T10:28:05","date_gmt":"2025-02-09T10:28:05","guid":{"rendered":"https:\/\/vaenoshealth.com\/?page_id=959"},"modified":"2025-02-22T13:49:53","modified_gmt":"2025-02-22T13:49:53","slug":"gogus-estetigi","status":"publish","type":"page","link":"https:\/\/vaenoshealth.com\/tr\/plastik-cerrahi-islemleri\/gogus-estetigi\/","title":{"rendered":"G\u00f6\u011f\u00fcs Esteti\u011fi"},"content":{"rendered":"\t\t<div data-elementor-type=\"wp-page\" data-elementor-id=\"959\" class=\"elementor elementor-959 elementor-229\" data-elementor-post-type=\"page\">\n\t\t\t\t<div class=\"elementor-element elementor-element-f1014b2 e-flex e-con-boxed e-con e-parent\" data-id=\"f1014b2\" data-element_type=\"container\" data-settings=\"{&quot;background_background&quot;:&quot;classic&quot;}\">\n\t\t\t\t\t<div class=\"e-con-inner\">\n\t\t<div class=\"elementor-element elementor-element-9c0e007 e-con-full e-flex e-con e-child\" data-id=\"9c0e007\" data-element_type=\"container\" data-settings=\"{&quot;background_background&quot;:&quot;classic&quot;}\">\n\t\t\t\t<div class=\"elementor-element elementor-element-6e39c60 elementor-widget elementor-widget-theme-post-title elementor-page-title elementor-widget-heading\" data-id=\"6e39c60\" data-element_type=\"widget\" data-widget_type=\"theme-post-title.default\">\n\t\t\t\t\t<h1 class=\"elementor-heading-title elementor-size-default\">G\u00f6\u011f\u00fcs Esteti\u011fi<\/h1>\t\t\t\t<\/div>\n\t\t<div class=\"elementor-element elementor-element-9ba0bed e-con-full e-flex e-con e-child\" data-id=\"9ba0bed\" data-element_type=\"container\">\n\t\t<div class=\"elementor-element elementor-element-c89fa07 e-con-full e-grid e-con e-child\" data-id=\"c89fa07\" data-element_type=\"container\" data-settings=\"{&quot;background_background&quot;:&quot;classic&quot;}\">\n\t\t\t\t<div class=\"elementor-element elementor-element-93671a3 elementor-widget__width-initial elementor-button-align-stretch elementor-widget elementor-widget-form\" data-id=\"93671a3\" data-element_type=\"widget\" data-settings=\"{&quot;step_next_label&quot;:&quot;Next&quot;,&quot;step_previous_label&quot;:&quot;Previous&quot;,&quot;button_width&quot;:&quot;100&quot;,&quot;step_type&quot;:&quot;number_text&quot;,&quot;step_icon_shape&quot;:&quot;circle&quot;}\" data-widget_type=\"form.default\">\n\t\t\t\t\t\t\t<form class=\"elementor-form\" method=\"post\" name=\"Inquiry Form - Breast Aesthetics\">\n\t\t\t<input type=\"hidden\" name=\"post_id\" value=\"959\"\/>\n\t\t\t<input type=\"hidden\" name=\"form_id\" value=\"93671a3\"\/>\n\t\t\t<input type=\"hidden\" name=\"referer_title\" value=\"G\u00f6\u011f\u00fcs Esteti\u011fi\" \/>\n\n\t\t\t\t\t\t\t<input type=\"hidden\" name=\"queried_id\" value=\"959\"\/>\n\t\t\t\n\t\t\t<div class=\"elementor-form-fields-wrapper elementor-labels-\">\n\t\t\t\t\t\t\t\t<div class=\"elementor-field-type-text elementor-field-group elementor-column elementor-field-group-name elementor-col-100\">\n\t\t\t\t\t\t\t\t\t\t\t\t<label for=\"form-field-name\" class=\"elementor-field-label elementor-screen-only\">\n\t\t\t\t\t\t\t\tName\t\t\t\t\t\t\t<\/label>\n\t\t\t\t\t\t\t\t\t\t\t\t\t\t<input size=\"1\" type=\"text\" name=\"form_fields[name]\" id=\"form-field-name\" class=\"elementor-field elementor-size-sm  elementor-field-textual\" placeholder=\"\u0130sim Soyisim\">\n\t\t\t\t\t\t\t\t\t\t\t<\/div>\n\t\t\t\t\t\t\t\t<div class=\"elementor-field-type-email elementor-field-group elementor-column elementor-field-group-email elementor-col-100 elementor-field-required\">\n\t\t\t\t\t\t\t\t\t\t\t\t<label for=\"form-field-email\" class=\"elementor-field-label elementor-screen-only\">\n\t\t\t\t\t\t\t\tEmail\t\t\t\t\t\t\t<\/label>\n\t\t\t\t\t\t\t\t\t\t\t\t\t\t<input size=\"1\" type=\"email\" name=\"form_fields[email]\" id=\"form-field-email\" class=\"elementor-field elementor-size-sm  elementor-field-textual\" placeholder=\"Email\" required=\"required\">\n\t\t\t\t\t\t\t\t\t\t\t<\/div>\n\t\t\t\t\t\t\t\t<div class=\"elementor-field-type-tel elementor-field-group elementor-column elementor-field-group-field_1f57227 elementor-col-100 elementor-field-required\">\n\t\t\t\t\t\t\t\t\t\t\t\t<label for=\"form-field-field_1f57227\" class=\"elementor-field-label elementor-screen-only\">\n\t\t\t\t\t\t\t\tPhone\t\t\t\t\t\t\t<\/label>\n\t\t\t\t\t\t<span class=\"ccfef-editor-intl-input\" data-id=\"form-field-field_1f57227\" data-field-id=\"1f57227\" data-default-country=\"tr\" data-include-countries=\"\" data-exclude-countries=\"\" data-common-countries=\"same\" style=\"display: none;\"><\/span>\t\t<input size=\"1\" type=\"tel\" name=\"form_fields[field_1f57227]\" id=\"form-field-field_1f57227\" class=\"elementor-field elementor-size-sm  elementor-field-textual\" placeholder=\"Phone\" required=\"required\" pattern=\"[0-9()#&amp;+*-=.]+\" title=\"Only numbers and phone characters (#, -, *, etc) are accepted.\">\n\n\t\t\t\t\t\t<\/div>\n\t\t\t\t\t\t\t\t<div class=\"elementor-field-type-select elementor-field-group elementor-column elementor-field-group-field_604c83e elementor-col-100 elementor-field-required\">\n\t\t\t\t\t\t\t\t\t\t\t\t<label for=\"form-field-field_604c83e\" class=\"elementor-field-label elementor-screen-only\">\n\t\t\t\t\t\t\t\tProcedure\t\t\t\t\t\t\t<\/label>\n\t\t\t\t\t\t\t\t<div class=\"elementor-field elementor-select-wrapper remove-before \">\n\t\t\t<div class=\"select-caret-down-wrapper\">\n\t\t\t\t<svg aria-hidden=\"true\" class=\"e-font-icon-svg e-eicon-caret-down\" viewBox=\"0 0 571.4 571.4\" xmlns=\"http:\/\/www.w3.org\/2000\/svg\"><path d=\"M571 393Q571 407 561 418L311 668Q300 679 286 679T261 668L11 418Q0 407 0 393T11 368 36 357H536Q550 357 561 368T571 393Z\"><\/path><\/svg>\t\t\t<\/div>\n\t\t\t<select name=\"form_fields[field_604c83e]\" id=\"form-field-field_604c83e\" class=\"elementor-field-textual elementor-size-sm\" required=\"required\">\n\t\t\t\t\t\t\t\t\t<option value=\"\u0130lginizi \u00e7eken bir i\u015flemi se\u00e7in\">\u0130lginizi \u00e7eken bir i\u015flemi se\u00e7in<\/option>\n\t\t\t\t\t\t\t\t\t<option value=\"Y\u00fcz Esteti\u011fi\">Y\u00fcz Esteti\u011fi<\/option>\n\t\t\t\t\t\t\t\t\t<option value=\"G\u00f6\u011f\u00fcs Esteti\u011fi\">G\u00f6\u011f\u00fcs Esteti\u011fi<\/option>\n\t\t\t\t\t\t\t\t\t<option value=\"V\u00fccut Esteti\u011fi\">V\u00fccut Esteti\u011fi<\/option>\n\t\t\t\t\t\t\t\t\t<option value=\"Sa\u00e7 Ekimi\">Sa\u00e7 Ekimi<\/option>\n\t\t\t\t\t\t\t\t\t<option value=\"Di\u015f \u0130\u015flemleri\">Di\u015f \u0130\u015flemleri<\/option>\n\t\t\t\t\t\t\t\t\t<option value=\"\"><\/option>\n\t\t\t\t\t\t\t<\/select>\n\t\t<\/div>\n\t\t\t\t\t\t<\/div>\n\t\t\t\t\t\t\t\t<div class=\"elementor-field-group elementor-column elementor-field-type-submit elementor-col-100 e-form__buttons\">\n\t\t\t\t\t<button class=\"elementor-button elementor-size-sm\" type=\"submit\">\n\t\t\t\t\t\t<span class=\"elementor-button-content-wrapper\">\n\t\t\t\t\t\t\t\t\t\t\t\t\t\t\t\t\t\t\t\t\t\t<span class=\"elementor-button-text\">G\u00f6nder<\/span>\n\t\t\t\t\t\t\t\t\t\t\t\t\t<\/span>\n\t\t\t\t\t<\/button>\n\t\t\t\t<\/div>\n\t\t\t<\/div>\n\t\t<\/form>\n\t\t\t\t\t\t<\/div>\n\t\t\t\t<\/div>\n\t\t<div class=\"elementor-element elementor-element-15698c3 e-con-full e-flex e-con e-child\" data-id=\"15698c3\" data-element_type=\"container\">\n\t\t\t\t<div class=\"elementor-element elementor-element-a3aeea1 elementor-widget elementor-widget-image\" data-id=\"a3aeea1\" data-element_type=\"widget\" data-widget_type=\"image.default\">\n\t\t\t\t\t\t\t\t\t\t\t\t\t\t\t<img fetchpriority=\"high\" decoding=\"async\" width=\"800\" height=\"534\" src=\"https:\/\/vaenoshealth.com\/wp-content\/uploads\/2025\/02\/BREASTAESTHETICS_2-1024x683.jpg\" class=\"attachment-large size-large wp-image-579\" alt=\"\" srcset=\"https:\/\/vaenoshealth.com\/wp-content\/uploads\/2025\/02\/BREASTAESTHETICS_2-1024x683.jpg 1024w, https:\/\/vaenoshealth.com\/wp-content\/uploads\/2025\/02\/BREASTAESTHETICS_2-300x200.jpg 300w, https:\/\/vaenoshealth.com\/wp-content\/uploads\/2025\/02\/BREASTAESTHETICS_2-768x512.jpg 768w, https:\/\/vaenoshealth.com\/wp-content\/uploads\/2025\/02\/BREASTAESTHETICS_2-1536x1025.jpg 1536w, https:\/\/vaenoshealth.com\/wp-content\/uploads\/2025\/02\/BREASTAESTHETICS_2-2048x1366.jpg 2048w\" sizes=\"(max-width: 800px) 100vw, 800px\" \/>\t\t\t\t\t\t\t\t\t\t\t\t\t\t\t<\/div>\n\t\t\t\t<\/div>\n\t\t\t\t<\/div>\n\t\t\t\t<\/div>\n\t\t\t\t\t<\/div>\n\t\t\t\t<\/div>\n\t\t<div class=\"elementor-element elementor-element-638cbbf e-grid e-con-boxed e-con e-parent\" data-id=\"638cbbf\" data-element_type=\"container\" data-settings=\"{&quot;background_background&quot;:&quot;classic&quot;}\">\n\t\t\t\t\t<div class=\"e-con-inner\">\n\t\t\t\t<div class=\"elementor-element elementor-element-ef428af elementor-widget elementor-widget-heading\" data-id=\"ef428af\" data-element_type=\"widget\" data-widget_type=\"heading.default\">\n\t\t\t\t\t<h2 class=\"elementor-heading-title elementor-size-default\">G\u00f6\u011f\u00fcs Esteti\u011fi \u0130\u015flemleri<\/h2>\t\t\t\t<\/div>\n\t\t\t\t<div class=\"elementor-element elementor-element-c93441a elementor-grid-mobile-2 elementor-grid-3 elementor-grid-tablet-2 elementor-posts--thumbnail-top elementor-widget elementor-widget-posts\" data-id=\"c93441a\" data-element_type=\"widget\" data-settings=\"{&quot;classic_columns_mobile&quot;:&quot;2&quot;,&quot;classic_columns&quot;:&quot;3&quot;,&quot;classic_columns_tablet&quot;:&quot;2&quot;,&quot;classic_row_gap&quot;:{&quot;unit&quot;:&quot;px&quot;,&quot;size&quot;:35,&quot;sizes&quot;:[]},&quot;classic_row_gap_tablet&quot;:{&quot;unit&quot;:&quot;px&quot;,&quot;size&quot;:&quot;&quot;,&quot;sizes&quot;:[]},&quot;classic_row_gap_mobile&quot;:{&quot;unit&quot;:&quot;px&quot;,&quot;size&quot;:&quot;&quot;,&quot;sizes&quot;:[]}}\" data-widget_type=\"posts.classic\">\n\t\t\t\t<div class=\"elementor-widget-container\">\n\t\t\t\t\t\t\t<div class=\"elementor-posts-container elementor-posts elementor-posts--skin-classic elementor-grid\">\n\t\t\t\t<article class=\"elementor-post elementor-grid-item post-1096 bap type-bap status-publish has-post-thumbnail hentry\">\n\t\t\t\t<a class=\"elementor-post__thumbnail__link\" href=\"https:\/\/vaenoshealth.com\/tr\/gogus-estetik-islemi\/anatomik-meme-implantlari\/\" tabindex=\"-1\" >\n\t\t\t<div class=\"elementor-post__thumbnail\"><img decoding=\"async\" width=\"500\" height=\"300\" src=\"https:\/\/vaenoshealth.com\/wp-content\/uploads\/2025\/02\/Anatomik-Meme-Implantlari.jpg\" class=\"attachment-full size-full wp-image-1426\" alt=\"\" srcset=\"https:\/\/vaenoshealth.com\/wp-content\/uploads\/2025\/02\/Anatomik-Meme-Implantlari.jpg 500w, https:\/\/vaenoshealth.com\/wp-content\/uploads\/2025\/02\/Anatomik-Meme-Implantlari-300x180.jpg 300w\" sizes=\"(max-width: 500px) 100vw, 500px\" \/><\/div>\n\t\t<\/a>\n\t\t\t\t<div class=\"elementor-post__text\">\n\t\t\t\t<\/div>\n\t\t\t\t<\/article>\n\t\t\t\t<article class=\"elementor-post elementor-grid-item post-1097 bap type-bap status-publish has-post-thumbnail hentry\">\n\t\t\t\t<a class=\"elementor-post__thumbnail__link\" href=\"https:\/\/vaenoshealth.com\/tr\/gogus-estetik-islemi\/jinekomasti-tedavisi\/\" tabindex=\"-1\" >\n\t\t\t<div class=\"elementor-post__thumbnail\"><img decoding=\"async\" width=\"500\" height=\"300\" src=\"https:\/\/vaenoshealth.com\/wp-content\/uploads\/2025\/02\/Jinekomasti-Tedavisi.jpg\" class=\"attachment-full size-full wp-image-1429\" alt=\"\" srcset=\"https:\/\/vaenoshealth.com\/wp-content\/uploads\/2025\/02\/Jinekomasti-Tedavisi.jpg 500w, https:\/\/vaenoshealth.com\/wp-content\/uploads\/2025\/02\/Jinekomasti-Tedavisi-300x180.jpg 300w\" sizes=\"(max-width: 500px) 100vw, 500px\" \/><\/div>\n\t\t<\/a>\n\t\t\t\t<div class=\"elementor-post__text\">\n\t\t\t\t<\/div>\n\t\t\t\t<\/article>\n\t\t\t\t<article class=\"elementor-post elementor-grid-item post-1098 bap type-bap status-publish has-post-thumbnail hentry\">\n\t\t\t\t<a class=\"elementor-post__thumbnail__link\" href=\"https:\/\/vaenoshealth.com\/tr\/gogus-estetik-islemi\/meme-diklestirme-ameliyati-mastopeksi\/\" tabindex=\"-1\" >\n\t\t\t<div class=\"elementor-post__thumbnail\"><img loading=\"lazy\" decoding=\"async\" width=\"500\" height=\"300\" src=\"https:\/\/vaenoshealth.com\/wp-content\/uploads\/2025\/02\/Meme-Diklestirme-Ameliyati-Mastopeksi.jpg\" class=\"attachment-full size-full wp-image-1432\" alt=\"\" srcset=\"https:\/\/vaenoshealth.com\/wp-content\/uploads\/2025\/02\/Meme-Diklestirme-Ameliyati-Mastopeksi.jpg 500w, https:\/\/vaenoshealth.com\/wp-content\/uploads\/2025\/02\/Meme-Diklestirme-Ameliyati-Mastopeksi-300x180.jpg 300w\" sizes=\"(max-width: 500px) 100vw, 500px\" \/><\/div>\n\t\t<\/a>\n\t\t\t\t<div class=\"elementor-post__text\">\n\t\t\t\t<\/div>\n\t\t\t\t<\/article>\n\t\t\t\t<article class=\"elementor-post elementor-grid-item post-1099 bap type-bap status-publish has-post-thumbnail hentry\">\n\t\t\t\t<a class=\"elementor-post__thumbnail__link\" href=\"https:\/\/vaenoshealth.com\/tr\/gogus-estetik-islemi\/meme-buyutme-ameliyati\/\" tabindex=\"-1\" >\n\t\t\t<div class=\"elementor-post__thumbnail\"><img loading=\"lazy\" decoding=\"async\" width=\"500\" height=\"300\" src=\"https:\/\/vaenoshealth.com\/wp-content\/uploads\/2025\/02\/Meme-Buyutme-Ameliyati.jpg\" class=\"attachment-full size-full wp-image-1435\" alt=\"\" srcset=\"https:\/\/vaenoshealth.com\/wp-content\/uploads\/2025\/02\/Meme-Buyutme-Ameliyati.jpg 500w, https:\/\/vaenoshealth.com\/wp-content\/uploads\/2025\/02\/Meme-Buyutme-Ameliyati-300x180.jpg 300w\" sizes=\"(max-width: 500px) 100vw, 500px\" \/><\/div>\n\t\t<\/a>\n\t\t\t\t<div class=\"elementor-post__text\">\n\t\t\t\t<\/div>\n\t\t\t\t<\/article>\n\t\t\t\t<article class=\"elementor-post elementor-grid-item post-1100 bap type-bap status-publish has-post-thumbnail hentry\">\n\t\t\t\t<a class=\"elementor-post__thumbnail__link\" href=\"https:\/\/vaenoshealth.com\/tr\/gogus-estetik-islemi\/meme-kucultme-ameliyati\/\" tabindex=\"-1\" >\n\t\t\t<div class=\"elementor-post__thumbnail\"><img loading=\"lazy\" decoding=\"async\" width=\"500\" height=\"300\" src=\"https:\/\/vaenoshealth.com\/wp-content\/uploads\/2025\/02\/Meme-Kucultme-Ameliyati.jpg\" class=\"attachment-full size-full wp-image-1438\" alt=\"\" srcset=\"https:\/\/vaenoshealth.com\/wp-content\/uploads\/2025\/02\/Meme-Kucultme-Ameliyati.jpg 500w, https:\/\/vaenoshealth.com\/wp-content\/uploads\/2025\/02\/Meme-Kucultme-Ameliyati-300x180.jpg 300w\" sizes=\"(max-width: 500px) 100vw, 500px\" \/><\/div>\n\t\t<\/a>\n\t\t\t\t<div class=\"elementor-post__text\">\n\t\t\t\t<\/div>\n\t\t\t\t<\/article>\n\t\t\t\t<\/div>\n\t\t\n\t\t\t\t\t\t<\/div>\n\t\t\t\t<\/div>\n\t\t\t\t\t<\/div>\n\t\t\t\t<\/div>\n\t\t\t\t<\/div>\n\t\t","protected":false},"excerpt":{"rendered":"<p>G\u00f6\u011f\u00fcs Esteti\u011fi \u0130\u015flemleri<\/p>\n","protected":false},"author":1,"featured_media":0,"parent":949,"menu_order":0,"comment_status":"closed","ping_status":"closed","template":"","meta":{"_acf_changed":false,"footnotes":""},"class_list":["post-959","page","type-page","status-publish","hentry"],"acf":[],"_links":{"self":[{"href":"https:\/\/vaenoshealth.com\/tr\/wp-json\/wp\/v2\/pages\/959","targetHints":{"allow":["GET"]}}],"collection":[{"href":"https:\/\/vaenoshealth.com\/tr\/wp-json\/wp\/v2\/pages"}],"about":[{"href":"https:\/\/vaenoshealth.com\/tr\/wp-json\/wp\/v2\/types\/page"}],"author":[{"embeddable":true,"href":"https:\/\/vaenoshealth.com\/tr\/wp-json\/wp\/v2\/users\/1"}],"replies":[{"embeddable":true,"href":"https:\/\/vaenoshealth.com\/tr\/wp-json\/wp\/v2\/comments?post=959"}],"version-history":[{"count":4,"href":"https:\/\/vaenoshealth.com\/tr\/wp-json\/wp\/v2\/pages\/959\/revisions"}],"predecessor-version":[{"id":963,"href":"https:\/\/vaenoshealth.com\/tr\/wp-json\/wp\/v2\/pages\/959\/revisions\/963"}],"up":[{"embeddable":true,"href":"https:\/\/vaenoshealth.com\/tr\/wp-json\/wp\/v2\/pages\/949"}],"wp:attachment":[{"href":"https:\/\/vaenoshealth.com\/tr\/wp-json\/wp\/v2\/media?parent=959"}],"curies":[{"name":"wp","href":"https:\/\/api.w.org\/{rel}","templated":true}]}}