{"id":925,"date":"2025-01-25T10:27:10","date_gmt":"2025-01-25T10:27:10","guid":{"rendered":"https:\/\/vaenoshealth.com\/?page_id=925"},"modified":"2025-02-22T13:38:13","modified_gmt":"2025-02-22T13:38:13","slug":"anlasmali-kurumlar","status":"publish","type":"page","link":"https:\/\/vaenoshealth.com\/tr\/anlasmali-kurumlar\/","title":{"rendered":"Anla\u015fmal\u0131 Kurumlar"},"content":{"rendered":"\t\t<div data-elementor-type=\"wp-page\" data-elementor-id=\"925\" class=\"elementor elementor-925 elementor-13\" data-elementor-post-type=\"page\">\n\t\t\t\t<div class=\"elementor-element elementor-element-92a5b9a e-flex e-con-boxed e-con e-parent\" data-id=\"92a5b9a\" data-element_type=\"container\" data-settings=\"{&quot;background_background&quot;:&quot;classic&quot;}\">\n\t\t\t\t\t<div class=\"e-con-inner\">\n\t\t<div class=\"elementor-element elementor-element-8fa8e83 e-con-full e-flex e-con e-child\" data-id=\"8fa8e83\" data-element_type=\"container\" data-settings=\"{&quot;background_background&quot;:&quot;classic&quot;}\">\n\t\t\t\t<div class=\"elementor-element elementor-element-4a1202a elementor-widget elementor-widget-heading\" data-id=\"4a1202a\" data-element_type=\"widget\" data-widget_type=\"heading.default\">\n\t\t\t\t\t<h1 class=\"elementor-heading-title elementor-size-default\">Vaenos Health'e ho\u015f geldiniz.<\/h1>\t\t\t\t<\/div>\n\t\t<div class=\"elementor-element elementor-element-fdf28c7 e-con-full e-flex e-con e-child\" data-id=\"fdf28c7\" data-element_type=\"container\">\n\t\t<div class=\"elementor-element elementor-element-11a9194 e-con-full e-grid e-con e-child\" data-id=\"11a9194\" data-element_type=\"container\" data-settings=\"{&quot;background_background&quot;:&quot;classic&quot;}\">\n\t\t\t\t<div class=\"elementor-element elementor-element-7dd6cd2 elementor-widget elementor-widget-text-editor\" data-id=\"7dd6cd2\" data-element_type=\"widget\" data-widget_type=\"text-editor.default\">\n\t\t\t\t\t\t\t\t\t<p data-start=\"3155\" data-end=\"3309\">D\u00fcnya \u00e7ap\u0131nda sertifikal\u0131 sa\u011fl\u0131k turizmi kurumlar\u0131yla sizi bulu\u015fturuyoruz.<\/p>\t\t\t\t\t\t\t\t<\/div>\n\t\t\t\t<div class=\"elementor-element elementor-element-974ab06 elementor-widget__width-initial elementor-button-align-stretch elementor-widget elementor-widget-form\" data-id=\"974ab06\" data-element_type=\"widget\" data-settings=\"{&quot;step_next_label&quot;:&quot;Next&quot;,&quot;step_previous_label&quot;:&quot;Previous&quot;,&quot;button_width&quot;:&quot;100&quot;,&quot;step_type&quot;:&quot;number_text&quot;,&quot;step_icon_shape&quot;:&quot;circle&quot;}\" data-widget_type=\"form.default\">\n\t\t\t\t\t\t\t<form class=\"elementor-form\" method=\"post\" name=\"Inquiry Form - Institutions\">\n\t\t\t<input type=\"hidden\" name=\"post_id\" value=\"925\"\/>\n\t\t\t<input type=\"hidden\" name=\"form_id\" value=\"974ab06\"\/>\n\t\t\t<input type=\"hidden\" name=\"referer_title\" value=\"Anla\u015fmal\u0131 Kurumlar\" \/>\n\n\t\t\t\t\t\t\t<input type=\"hidden\" name=\"queried_id\" value=\"925\"\/>\n\t\t\t\n\t\t\t<div class=\"elementor-form-fields-wrapper elementor-labels-\">\n\t\t\t\t\t\t\t\t<div class=\"elementor-field-type-text elementor-field-group elementor-column elementor-field-group-name elementor-col-100\">\n\t\t\t\t\t\t\t\t\t\t\t\t<label for=\"form-field-name\" class=\"elementor-field-label elementor-screen-only\">\n\t\t\t\t\t\t\t\tName\t\t\t\t\t\t\t<\/label>\n\t\t\t\t\t\t\t\t\t\t\t\t\t\t<input size=\"1\" type=\"text\" name=\"form_fields[name]\" id=\"form-field-name\" class=\"elementor-field elementor-size-sm  elementor-field-textual\" placeholder=\"\u0130sim Soyisim\">\n\t\t\t\t\t\t\t\t\t\t\t<\/div>\n\t\t\t\t\t\t\t\t<div class=\"elementor-field-type-email elementor-field-group elementor-column elementor-field-group-email elementor-col-100 elementor-field-required\">\n\t\t\t\t\t\t\t\t\t\t\t\t<label for=\"form-field-email\" class=\"elementor-field-label elementor-screen-only\">\n\t\t\t\t\t\t\t\tEmail\t\t\t\t\t\t\t<\/label>\n\t\t\t\t\t\t\t\t\t\t\t\t\t\t<input size=\"1\" type=\"email\" name=\"form_fields[email]\" id=\"form-field-email\" class=\"elementor-field elementor-size-sm  elementor-field-textual\" placeholder=\"Email\" required=\"required\">\n\t\t\t\t\t\t\t\t\t\t\t<\/div>\n\t\t\t\t\t\t\t\t<div class=\"elementor-field-type-tel elementor-field-group elementor-column elementor-field-group-field_1f57227 elementor-col-100 elementor-field-required\">\n\t\t\t\t\t\t\t\t\t\t\t\t<label for=\"form-field-field_1f57227\" class=\"elementor-field-label elementor-screen-only\">\n\t\t\t\t\t\t\t\tPhone\t\t\t\t\t\t\t<\/label>\n\t\t\t\t\t\t<span class=\"ccfef-editor-intl-input\" data-id=\"form-field-field_1f57227\" data-field-id=\"1f57227\" data-default-country=\"tr\" data-include-countries=\"\" data-exclude-countries=\"\" data-common-countries=\"same\" style=\"display: none;\"><\/span>\t\t<input size=\"1\" type=\"tel\" name=\"form_fields[field_1f57227]\" id=\"form-field-field_1f57227\" class=\"elementor-field elementor-size-sm  elementor-field-textual\" placeholder=\"Phone\" required=\"required\" pattern=\"[0-9()#&amp;+*-=.]+\" title=\"Only numbers and phone characters (#, -, *, etc) are accepted.\">\n\n\t\t\t\t\t\t<\/div>\n\t\t\t\t\t\t\t\t<div class=\"elementor-field-type-select elementor-field-group elementor-column elementor-field-group-field_604c83e elementor-col-100 elementor-field-required\">\n\t\t\t\t\t\t\t\t\t\t\t\t<label for=\"form-field-field_604c83e\" class=\"elementor-field-label elementor-screen-only\">\n\t\t\t\t\t\t\t\tProcedure\t\t\t\t\t\t\t<\/label>\n\t\t\t\t\t\t\t\t<div class=\"elementor-field elementor-select-wrapper remove-before \">\n\t\t\t<div class=\"select-caret-down-wrapper\">\n\t\t\t\t<svg aria-hidden=\"true\" class=\"e-font-icon-svg e-eicon-caret-down\" viewBox=\"0 0 571.4 571.4\" xmlns=\"http:\/\/www.w3.org\/2000\/svg\"><path d=\"M571 393Q571 407 561 418L311 668Q300 679 286 679T261 668L11 418Q0 407 0 393T11 368 36 357H536Q550 357 561 368T571 393Z\"><\/path><\/svg>\t\t\t<\/div>\n\t\t\t<select name=\"form_fields[field_604c83e]\" id=\"form-field-field_604c83e\" class=\"elementor-field-textual elementor-size-sm\" required=\"required\">\n\t\t\t\t\t\t\t\t\t<option value=\"\u0130lginizi \u00e7eken bir i\u015flemi se\u00e7in\">\u0130lginizi \u00e7eken bir i\u015flemi se\u00e7in<\/option>\n\t\t\t\t\t\t\t\t\t<option value=\"Y\u00fcz Esteti\u011fi\">Y\u00fcz Esteti\u011fi<\/option>\n\t\t\t\t\t\t\t\t\t<option value=\"G\u00f6\u011f\u00fcs Esteti\u011fi\">G\u00f6\u011f\u00fcs Esteti\u011fi<\/option>\n\t\t\t\t\t\t\t\t\t<option value=\"V\u00fccut Esteti\u011fi\">V\u00fccut Esteti\u011fi<\/option>\n\t\t\t\t\t\t\t\t\t<option value=\"Sa\u00e7 Ekimi\">Sa\u00e7 Ekimi<\/option>\n\t\t\t\t\t\t\t\t\t<option value=\"Di\u015f \u0130\u015flemleri\">Di\u015f \u0130\u015flemleri<\/option>\n\t\t\t\t\t\t\t\t\t<option value=\"\"><\/option>\n\t\t\t\t\t\t\t<\/select>\n\t\t<\/div>\n\t\t\t\t\t\t<\/div>\n\t\t\t\t\t\t\t\t<div class=\"elementor-field-group elementor-column elementor-field-type-submit elementor-col-100 e-form__buttons\">\n\t\t\t\t\t<button class=\"elementor-button elementor-size-sm\" type=\"submit\">\n\t\t\t\t\t\t<span class=\"elementor-button-content-wrapper\">\n\t\t\t\t\t\t\t\t\t\t\t\t\t\t\t\t\t\t\t\t\t\t<span class=\"elementor-button-text\">G\u00f6nder<\/span>\n\t\t\t\t\t\t\t\t\t\t\t\t\t<\/span>\n\t\t\t\t\t<\/button>\n\t\t\t\t<\/div>\n\t\t\t<\/div>\n\t\t<\/form>\n\t\t\t\t\t\t<\/div>\n\t\t\t\t<\/div>\n\t\t<div class=\"elementor-element elementor-element-5de5c0d e-con-full e-flex e-con e-child\" data-id=\"5de5c0d\" data-element_type=\"container\">\n\t\t\t\t<div class=\"elementor-element elementor-element-40d5a4a elementor-widget elementor-widget-image\" data-id=\"40d5a4a\" data-element_type=\"widget\" data-widget_type=\"image.default\">\n\t\t\t\t\t\t\t\t\t\t\t\t\t\t\t<img fetchpriority=\"high\" decoding=\"async\" width=\"800\" height=\"534\" src=\"https:\/\/vaenoshealth.com\/wp-content\/uploads\/2025\/02\/BODYAESTHETICS_2-1024x683.jpg\" class=\"attachment-large size-large wp-image-581\" alt=\"\" srcset=\"https:\/\/vaenoshealth.com\/wp-content\/uploads\/2025\/02\/BODYAESTHETICS_2-1024x683.jpg 1024w, https:\/\/vaenoshealth.com\/wp-content\/uploads\/2025\/02\/BODYAESTHETICS_2-300x200.jpg 300w, https:\/\/vaenoshealth.com\/wp-content\/uploads\/2025\/02\/BODYAESTHETICS_2-768x512.jpg 768w, https:\/\/vaenoshealth.com\/wp-content\/uploads\/2025\/02\/BODYAESTHETICS_2-1536x1024.jpg 1536w, https:\/\/vaenoshealth.com\/wp-content\/uploads\/2025\/02\/BODYAESTHETICS_2-2048x1365.jpg 2048w\" sizes=\"(max-width: 800px) 100vw, 800px\" \/>\t\t\t\t\t\t\t\t\t\t\t\t\t\t\t<\/div>\n\t\t\t\t<\/div>\n\t\t\t\t<\/div>\n\t\t\t\t<\/div>\n\t\t\t\t\t<\/div>\n\t\t\t\t<\/div>\n\t\t<div class=\"elementor-element elementor-element-fd836a3 e-grid e-con-boxed e-con e-parent\" data-id=\"fd836a3\" data-element_type=\"container\" data-settings=\"{&quot;background_background&quot;:&quot;classic&quot;}\">\n\t\t\t\t\t<div class=\"e-con-inner\">\n\t\t\t\t<div class=\"elementor-element elementor-element-6cd4ae6 elementor-widget elementor-widget-heading\" data-id=\"6cd4ae6\" data-element_type=\"widget\" data-widget_type=\"heading.default\">\n\t\t\t\t\t<h2 class=\"elementor-heading-title elementor-size-default\">Anla\u015fmal\u0131 Kurumlar<\/h2>\t\t\t\t<\/div>\n\t\t\t\t<div class=\"elementor-element elementor-element-23c7776 elementor-grid-3 elementor-grid-tablet-2 elementor-grid-mobile-1 elementor-posts--thumbnail-top elementor-widget elementor-widget-posts\" data-id=\"23c7776\" data-element_type=\"widget\" data-settings=\"{&quot;classic_row_gap&quot;:{&quot;unit&quot;:&quot;px&quot;,&quot;size&quot;:33,&quot;sizes&quot;:[]},&quot;classic_columns&quot;:&quot;3&quot;,&quot;classic_columns_tablet&quot;:&quot;2&quot;,&quot;classic_columns_mobile&quot;:&quot;1&quot;,&quot;classic_row_gap_tablet&quot;:{&quot;unit&quot;:&quot;px&quot;,&quot;size&quot;:&quot;&quot;,&quot;sizes&quot;:[]},&quot;classic_row_gap_mobile&quot;:{&quot;unit&quot;:&quot;px&quot;,&quot;size&quot;:&quot;&quot;,&quot;sizes&quot;:[]}}\" data-widget_type=\"posts.classic\">\n\t\t\t\t<div class=\"elementor-widget-container\">\n\t\t\t\t\t\t\t<div class=\"elementor-posts-container elementor-posts elementor-posts--skin-classic elementor-grid\">\n\t\t\t\t<article class=\"elementor-post elementor-grid-item post-1255 institution type-institution status-publish has-post-thumbnail hentry\">\n\t\t\t\t<a class=\"elementor-post__thumbnail__link\" href=\"https:\/\/vaenoshealth.com\/tr\/tibbi-kurum\/bogazici-dental-clinic\/\" tabindex=\"-1\" >\n\t\t\t<div class=\"elementor-post__thumbnail\"><img decoding=\"async\" width=\"1563\" height=\"1563\" src=\"https:\/\/vaenoshealth.com\/wp-content\/uploads\/2025\/02\/bogazici-dental-clinic.jpg\" class=\"attachment-full size-full wp-image-703\" alt=\"\" srcset=\"https:\/\/vaenoshealth.com\/wp-content\/uploads\/2025\/02\/bogazici-dental-clinic.jpg 1563w, https:\/\/vaenoshealth.com\/wp-content\/uploads\/2025\/02\/bogazici-dental-clinic-300x300.jpg 300w, https:\/\/vaenoshealth.com\/wp-content\/uploads\/2025\/02\/bogazici-dental-clinic-1024x1024.jpg 1024w, https:\/\/vaenoshealth.com\/wp-content\/uploads\/2025\/02\/bogazici-dental-clinic-150x150.jpg 150w, https:\/\/vaenoshealth.com\/wp-content\/uploads\/2025\/02\/bogazici-dental-clinic-768x768.jpg 768w, https:\/\/vaenoshealth.com\/wp-content\/uploads\/2025\/02\/bogazici-dental-clinic-1536x1536.jpg 1536w\" sizes=\"(max-width: 1563px) 100vw, 1563px\" \/><\/div>\n\t\t<\/a>\n\t\t\t\t<div class=\"elementor-post__text\">\n\t\t\t\t<h3 class=\"elementor-post__title\">\n\t\t\t<a href=\"https:\/\/vaenoshealth.com\/tr\/tibbi-kurum\/bogazici-dental-clinic\/\" >\n\t\t\t\tBo\u011fazi\u00e7i Dental Clinic\t\t\t<\/a>\n\t\t<\/h3>\n\t\t\t\t<div class=\"elementor-post__excerpt\">\n\t\t\t<p>Bo\u011fazi\u00e7i A\u011f\u0131z ve Di\u015f Sa\u011fl\u0131\u011f\u0131 Poliklini\u011fi, 2016 y\u0131l\u0131nda \u0130stanbul Anadolu Yakas\u0131 \u00dcsk\u00fcdar&#8217;da Ertan \u0130nceday\u0131, Muhammet Kemal Tercan, Ali Emre Salt\u0131k ve Meryem Nezhat ortakl\u0131\u011f\u0131nda kurulmu\u015f<\/p>\n\t\t<\/div>\n\t\t\t\t<\/div>\n\t\t\t\t<\/article>\n\t\t\t\t<article class=\"elementor-post elementor-grid-item post-1261 institution type-institution status-publish has-post-thumbnail hentry\">\n\t\t\t\t<a class=\"elementor-post__thumbnail__link\" href=\"https:\/\/vaenoshealth.com\/tr\/tibbi-kurum\/melodi-dental-clinic\/\" tabindex=\"-1\" >\n\t\t\t<div class=\"elementor-post__thumbnail\"><img decoding=\"async\" width=\"1563\" height=\"1563\" src=\"https:\/\/vaenoshealth.com\/wp-content\/uploads\/2025\/02\/melodi-dental-clinic.jpg\" class=\"attachment-full size-full wp-image-705\" alt=\"\" srcset=\"https:\/\/vaenoshealth.com\/wp-content\/uploads\/2025\/02\/melodi-dental-clinic.jpg 1563w, https:\/\/vaenoshealth.com\/wp-content\/uploads\/2025\/02\/melodi-dental-clinic-300x300.jpg 300w, https:\/\/vaenoshealth.com\/wp-content\/uploads\/2025\/02\/melodi-dental-clinic-1024x1024.jpg 1024w, https:\/\/vaenoshealth.com\/wp-content\/uploads\/2025\/02\/melodi-dental-clinic-150x150.jpg 150w, https:\/\/vaenoshealth.com\/wp-content\/uploads\/2025\/02\/melodi-dental-clinic-768x768.jpg 768w, https:\/\/vaenoshealth.com\/wp-content\/uploads\/2025\/02\/melodi-dental-clinic-1536x1536.jpg 1536w\" sizes=\"(max-width: 1563px) 100vw, 1563px\" \/><\/div>\n\t\t<\/a>\n\t\t\t\t<div class=\"elementor-post__text\">\n\t\t\t\t<h3 class=\"elementor-post__title\">\n\t\t\t<a href=\"https:\/\/vaenoshealth.com\/tr\/tibbi-kurum\/melodi-dental-clinic\/\" >\n\t\t\t\tMelodi Dental Clinic\t\t\t<\/a>\n\t\t<\/h3>\n\t\t\t\t<div class=\"elementor-post__excerpt\">\n\t\t\t<p>Melodi Dental Clinic, d\u00fcnyan\u0131n en b\u00fcy\u00fck \u015fehirlerinden biri olan \u0130stanbul&#8217;un en g\u00fczel semtlerinden Ni\u015fanta\u015f\u0131&#8217;nda hizmet vermektedir. Melodi Dental; g\u00fcl\u00fc\u015f tasar\u0131m\u0131, implant tedavisi, zirkonyum kaplamalar, Emax<\/p>\n\t\t<\/div>\n\t\t\t\t<\/div>\n\t\t\t\t<\/article>\n\t\t\t\t<article class=\"elementor-post elementor-grid-item post-1266 institution type-institution status-publish has-post-thumbnail hentry\">\n\t\t\t\t<a class=\"elementor-post__thumbnail__link\" href=\"https:\/\/vaenoshealth.com\/tr\/tibbi-kurum\/op-dr-yusuf-muhammed-durna\/\" tabindex=\"-1\" >\n\t\t\t<div class=\"elementor-post__thumbnail\"><img loading=\"lazy\" decoding=\"async\" width=\"1080\" height=\"1080\" src=\"https:\/\/vaenoshealth.com\/wp-content\/uploads\/2025\/02\/op.dr_.muhammed-yusuf-durna-_-Ear-Nose-Throat-Diseases-ENT-Specialist.-.jpg\" class=\"attachment-full size-full wp-image-707\" alt=\"\" srcset=\"https:\/\/vaenoshealth.com\/wp-content\/uploads\/2025\/02\/op.dr_.muhammed-yusuf-durna-_-Ear-Nose-Throat-Diseases-ENT-Specialist.-.jpg 1080w, https:\/\/vaenoshealth.com\/wp-content\/uploads\/2025\/02\/op.dr_.muhammed-yusuf-durna-_-Ear-Nose-Throat-Diseases-ENT-Specialist.--300x300.jpg 300w, https:\/\/vaenoshealth.com\/wp-content\/uploads\/2025\/02\/op.dr_.muhammed-yusuf-durna-_-Ear-Nose-Throat-Diseases-ENT-Specialist.--1024x1024.jpg 1024w, https:\/\/vaenoshealth.com\/wp-content\/uploads\/2025\/02\/op.dr_.muhammed-yusuf-durna-_-Ear-Nose-Throat-Diseases-ENT-Specialist.--150x150.jpg 150w, https:\/\/vaenoshealth.com\/wp-content\/uploads\/2025\/02\/op.dr_.muhammed-yusuf-durna-_-Ear-Nose-Throat-Diseases-ENT-Specialist.--768x768.jpg 768w\" sizes=\"(max-width: 1080px) 100vw, 1080px\" \/><\/div>\n\t\t<\/a>\n\t\t\t\t<div class=\"elementor-post__text\">\n\t\t\t\t<h3 class=\"elementor-post__title\">\n\t\t\t<a href=\"https:\/\/vaenoshealth.com\/tr\/tibbi-kurum\/op-dr-yusuf-muhammed-durna\/\" >\n\t\t\t\tOp. Dr. Yusuf Muhammed Durna\t\t\t<\/a>\n\t\t<\/h3>\n\t\t\t\t<div class=\"elementor-post__excerpt\">\n\t\t\t<p>T\u0131p e\u011fitimini \u0130stanbul \u00dcniversitesi T\u0131p Fak\u00fcltesi&#8217;nde ba\u015far\u0131yla tamamlayarak T\u0131p Doktoru unvan\u0131n\u0131 alm\u0131\u015ft\u0131r. Uzmanl\u0131k e\u011fitimini \u0130stanbul E\u011fitim ve Ara\u015ft\u0131rma Hastanesi&#8217;nde tamamlayarak Kulak Burun Bo\u011faz Hastal\u0131klar\u0131 Uzman\u0131<\/p>\n\t\t<\/div>\n\t\t\t\t<\/div>\n\t\t\t\t<\/article>\n\t\t\t\t<\/div>\n\t\t\n\t\t\t\t\t\t<\/div>\n\t\t\t\t<\/div>\n\t\t\t\t\t<\/div>\n\t\t\t\t<\/div>\n\t\t\t\t<\/div>\n\t\t","protected":false},"excerpt":{"rendered":"<p>Vaenos Health&#8217;e ho\u015f geldiniz. D\u00fcnya \u00e7ap\u0131nda sertifikal\u0131 sa\u011fl\u0131k turizmi kurumlar\u0131yla sizi bulu\u015fturuyoruz. Anla\u015fmal\u0131 Kurumlar<\/p>\n","protected":false},"author":1,"featured_media":0,"parent":0,"menu_order":0,"comment_status":"closed","ping_status":"closed","template":"","meta":{"_acf_changed":false,"footnotes":""},"class_list":["post-925","page","type-page","status-publish","hentry"],"acf":[],"_links":{"self":[{"href":"https:\/\/vaenoshealth.com\/tr\/wp-json\/wp\/v2\/pages\/925","targetHints":{"allow":["GET"]}}],"collection":[{"href":"https:\/\/vaenoshealth.com\/tr\/wp-json\/wp\/v2\/pages"}],"about":[{"href":"https:\/\/vaenoshealth.com\/tr\/wp-json\/wp\/v2\/types\/page"}],"author":[{"embeddable":true,"href":"https:\/\/vaenoshealth.com\/tr\/wp-json\/wp\/v2\/users\/1"}],"replies":[{"embeddable":true,"href":"https:\/\/vaenoshealth.com\/tr\/wp-json\/wp\/v2\/comments?post=925"}],"version-history":[{"count":7,"href":"https:\/\/vaenoshealth.com\/tr\/wp-json\/wp\/v2\/pages\/925\/revisions"}],"predecessor-version":[{"id":937,"href":"https:\/\/vaenoshealth.com\/tr\/wp-json\/wp\/v2\/pages\/925\/revisions\/937"}],"wp:attachment":[{"href":"https:\/\/vaenoshealth.com\/tr\/wp-json\/wp\/v2\/media?parent=925"}],"curies":[{"name":"wp","href":"https:\/\/api.w.org\/{rel}","templated":true}]}}