{"id":897,"date":"2025-02-09T11:55:52","date_gmt":"2025-02-09T11:55:52","guid":{"rendered":"https:\/\/vaenoshealth.com\/?page_id=897"},"modified":"2025-02-22T13:33:18","modified_gmt":"2025-02-22T13:33:18","slug":"hakkimizda","status":"publish","type":"page","link":"https:\/\/vaenoshealth.com\/tr\/hakkimizda\/","title":{"rendered":"Hakk\u0131m\u0131zda"},"content":{"rendered":"\t\t<div data-elementor-type=\"wp-page\" data-elementor-id=\"897\" class=\"elementor elementor-897 elementor-345\" data-elementor-post-type=\"page\">\n\t\t\t\t<div class=\"elementor-element elementor-element-cce067e e-flex e-con-boxed e-con e-parent\" data-id=\"cce067e\" data-element_type=\"container\" data-settings=\"{&quot;background_background&quot;:&quot;classic&quot;}\">\n\t\t\t\t\t<div class=\"e-con-inner\">\n\t\t<div class=\"elementor-element elementor-element-7a660af e-con-full e-flex e-con e-child\" data-id=\"7a660af\" data-element_type=\"container\" data-settings=\"{&quot;background_background&quot;:&quot;classic&quot;}\">\n\t\t\t\t<div class=\"elementor-element elementor-element-30c1e90 elementor-widget elementor-widget-heading\" data-id=\"30c1e90\" data-element_type=\"widget\" data-widget_type=\"heading.default\">\n\t\t\t\t\t<h1 class=\"elementor-heading-title elementor-size-default\">Hakk\u0131m\u0131zda<\/h1>\t\t\t\t<\/div>\n\t\t<div class=\"elementor-element elementor-element-912f27b e-con-full e-flex e-con e-child\" data-id=\"912f27b\" data-element_type=\"container\">\n\t\t<div class=\"elementor-element elementor-element-d59b9ee e-con-full e-grid e-con e-child\" data-id=\"d59b9ee\" data-element_type=\"container\" data-settings=\"{&quot;background_background&quot;:&quot;classic&quot;}\">\n\t\t\t\t<div class=\"elementor-element elementor-element-e686854 elementor-widget elementor-widget-text-editor\" data-id=\"e686854\" data-element_type=\"widget\" data-widget_type=\"text-editor.default\">\n\t\t\t\t\t\t\t\t\t<p data-start=\"3155\" data-end=\"3309\">D\u00fcnya \u00e7ap\u0131nda sertifikal\u0131 sa\u011fl\u0131k turizmi kurumlar\u0131yla sizi bulu\u015fturuyoruz.<\/p>\t\t\t\t\t\t\t\t<\/div>\n\t\t\t\t<div class=\"elementor-element elementor-element-0060e88 elementor-widget__width-initial elementor-button-align-stretch elementor-widget elementor-widget-form\" data-id=\"0060e88\" data-element_type=\"widget\" data-settings=\"{&quot;step_next_label&quot;:&quot;Next&quot;,&quot;step_previous_label&quot;:&quot;Previous&quot;,&quot;button_width&quot;:&quot;100&quot;,&quot;step_type&quot;:&quot;number_text&quot;,&quot;step_icon_shape&quot;:&quot;circle&quot;}\" data-widget_type=\"form.default\">\n\t\t\t\t\t\t\t<form class=\"elementor-form\" method=\"post\" name=\"Inquiry Form - About\">\n\t\t\t<input type=\"hidden\" name=\"post_id\" value=\"897\"\/>\n\t\t\t<input type=\"hidden\" name=\"form_id\" value=\"0060e88\"\/>\n\t\t\t<input type=\"hidden\" name=\"referer_title\" value=\"Hakk\u0131m\u0131zda\" \/>\n\n\t\t\t\t\t\t\t<input type=\"hidden\" name=\"queried_id\" value=\"897\"\/>\n\t\t\t\n\t\t\t<div class=\"elementor-form-fields-wrapper elementor-labels-\">\n\t\t\t\t\t\t\t\t<div class=\"elementor-field-type-text elementor-field-group elementor-column elementor-field-group-name elementor-col-100\">\n\t\t\t\t\t\t\t\t\t\t\t\t<label for=\"form-field-name\" class=\"elementor-field-label elementor-screen-only\">\n\t\t\t\t\t\t\t\tName\t\t\t\t\t\t\t<\/label>\n\t\t\t\t\t\t\t\t\t\t\t\t\t\t<input size=\"1\" type=\"text\" name=\"form_fields[name]\" id=\"form-field-name\" class=\"elementor-field elementor-size-sm  elementor-field-textual\" placeholder=\"\u0130sim Soyisim\">\n\t\t\t\t\t\t\t\t\t\t\t<\/div>\n\t\t\t\t\t\t\t\t<div class=\"elementor-field-type-email elementor-field-group elementor-column elementor-field-group-email elementor-col-100 elementor-field-required\">\n\t\t\t\t\t\t\t\t\t\t\t\t<label for=\"form-field-email\" class=\"elementor-field-label elementor-screen-only\">\n\t\t\t\t\t\t\t\tEmail\t\t\t\t\t\t\t<\/label>\n\t\t\t\t\t\t\t\t\t\t\t\t\t\t<input size=\"1\" type=\"email\" name=\"form_fields[email]\" id=\"form-field-email\" class=\"elementor-field elementor-size-sm  elementor-field-textual\" placeholder=\"Email\" required=\"required\">\n\t\t\t\t\t\t\t\t\t\t\t<\/div>\n\t\t\t\t\t\t\t\t<div class=\"elementor-field-type-tel elementor-field-group elementor-column elementor-field-group-field_1f57227 elementor-col-100 elementor-field-required\">\n\t\t\t\t\t\t\t\t\t\t\t\t<label for=\"form-field-field_1f57227\" class=\"elementor-field-label elementor-screen-only\">\n\t\t\t\t\t\t\t\tPhone\t\t\t\t\t\t\t<\/label>\n\t\t\t\t\t\t<span class=\"ccfef-editor-intl-input\" data-id=\"form-field-field_1f57227\" data-field-id=\"1f57227\" data-default-country=\"tr\" data-include-countries=\"\" data-exclude-countries=\"\" data-common-countries=\"same\" style=\"display: none;\"><\/span>\t\t<input size=\"1\" type=\"tel\" name=\"form_fields[field_1f57227]\" id=\"form-field-field_1f57227\" class=\"elementor-field elementor-size-sm  elementor-field-textual\" placeholder=\"Phone\" required=\"required\" pattern=\"[0-9()#&amp;+*-=.]+\" title=\"Only numbers and phone characters (#, -, *, etc) are accepted.\">\n\n\t\t\t\t\t\t<\/div>\n\t\t\t\t\t\t\t\t<div class=\"elementor-field-type-select elementor-field-group elementor-column elementor-field-group-field_604c83e elementor-col-100 elementor-field-required\">\n\t\t\t\t\t\t\t\t\t\t\t\t<label for=\"form-field-field_604c83e\" class=\"elementor-field-label elementor-screen-only\">\n\t\t\t\t\t\t\t\tProcedure\t\t\t\t\t\t\t<\/label>\n\t\t\t\t\t\t\t\t<div class=\"elementor-field elementor-select-wrapper remove-before \">\n\t\t\t<div class=\"select-caret-down-wrapper\">\n\t\t\t\t<svg aria-hidden=\"true\" class=\"e-font-icon-svg e-eicon-caret-down\" viewBox=\"0 0 571.4 571.4\" xmlns=\"http:\/\/www.w3.org\/2000\/svg\"><path d=\"M571 393Q571 407 561 418L311 668Q300 679 286 679T261 668L11 418Q0 407 0 393T11 368 36 357H536Q550 357 561 368T571 393Z\"><\/path><\/svg>\t\t\t<\/div>\n\t\t\t<select name=\"form_fields[field_604c83e]\" id=\"form-field-field_604c83e\" class=\"elementor-field-textual elementor-size-sm\" required=\"required\">\n\t\t\t\t\t\t\t\t\t<option value=\"\u0130lginizi \u00e7eken bir i\u015flemi se\u00e7in\">\u0130lginizi \u00e7eken bir i\u015flemi se\u00e7in<\/option>\n\t\t\t\t\t\t\t\t\t<option value=\"Y\u00fcz Esteti\u011fi\">Y\u00fcz Esteti\u011fi<\/option>\n\t\t\t\t\t\t\t\t\t<option value=\"G\u00f6\u011f\u00fcs Esteti\u011fi\">G\u00f6\u011f\u00fcs Esteti\u011fi<\/option>\n\t\t\t\t\t\t\t\t\t<option value=\"V\u00fccut Esteti\u011fi\">V\u00fccut Esteti\u011fi<\/option>\n\t\t\t\t\t\t\t\t\t<option value=\"Sa\u00e7 Ekimi\">Sa\u00e7 Ekimi<\/option>\n\t\t\t\t\t\t\t\t\t<option value=\"Di\u015f \u0130\u015flemleri\">Di\u015f \u0130\u015flemleri<\/option>\n\t\t\t\t\t\t\t\t\t<option value=\"\"><\/option>\n\t\t\t\t\t\t\t<\/select>\n\t\t<\/div>\n\t\t\t\t\t\t<\/div>\n\t\t\t\t\t\t\t\t<div class=\"elementor-field-group elementor-column elementor-field-type-submit elementor-col-100 e-form__buttons\">\n\t\t\t\t\t<button class=\"elementor-button elementor-size-sm\" type=\"submit\">\n\t\t\t\t\t\t<span class=\"elementor-button-content-wrapper\">\n\t\t\t\t\t\t\t\t\t\t\t\t\t\t\t\t\t\t\t\t\t\t<span class=\"elementor-button-text\">G\u00f6nder<\/span>\n\t\t\t\t\t\t\t\t\t\t\t\t\t<\/span>\n\t\t\t\t\t<\/button>\n\t\t\t\t<\/div>\n\t\t\t<\/div>\n\t\t<\/form>\n\t\t\t\t\t\t<\/div>\n\t\t\t\t<\/div>\n\t\t<div class=\"elementor-element elementor-element-df12d2b e-con-full e-flex e-con e-child\" data-id=\"df12d2b\" data-element_type=\"container\">\n\t\t\t\t<div class=\"elementor-element elementor-element-a8a8062 elementor-widget elementor-widget-image\" data-id=\"a8a8062\" data-element_type=\"widget\" data-widget_type=\"image.default\">\n\t\t\t\t\t\t\t\t\t\t\t\t\t\t\t<img fetchpriority=\"high\" decoding=\"async\" width=\"800\" height=\"800\" src=\"https:\/\/vaenoshealth.com\/wp-content\/uploads\/2025\/02\/2-1024x1024.jpg\" class=\"attachment-large size-large wp-image-767\" alt=\"\" srcset=\"https:\/\/vaenoshealth.com\/wp-content\/uploads\/2025\/02\/2-1024x1024.jpg 1024w, https:\/\/vaenoshealth.com\/wp-content\/uploads\/2025\/02\/2-300x300.jpg 300w, https:\/\/vaenoshealth.com\/wp-content\/uploads\/2025\/02\/2-150x150.jpg 150w, https:\/\/vaenoshealth.com\/wp-content\/uploads\/2025\/02\/2-768x768.jpg 768w, https:\/\/vaenoshealth.com\/wp-content\/uploads\/2025\/02\/2-1536x1536.jpg 1536w, https:\/\/vaenoshealth.com\/wp-content\/uploads\/2025\/02\/2-2048x2048.jpg 2048w\" sizes=\"(max-width: 800px) 100vw, 800px\" \/>\t\t\t\t\t\t\t\t\t\t\t\t\t\t\t<\/div>\n\t\t\t\t<\/div>\n\t\t\t\t<\/div>\n\t\t\t\t<\/div>\n\t\t\t\t\t<\/div>\n\t\t\t\t<\/div>\n\t\t<div class=\"elementor-element elementor-element-ecfdafb e-flex e-con-boxed e-con e-parent\" data-id=\"ecfdafb\" data-element_type=\"container\">\n\t\t\t\t\t<div class=\"e-con-inner\">\n\t\t<div class=\"elementor-element elementor-element-4d57e34 e-con-full e-flex e-con e-child\" data-id=\"4d57e34\" data-element_type=\"container\">\n\t\t\t\t<div class=\"elementor-element elementor-element-6d226f9 elementor-widget elementor-widget-text-editor\" data-id=\"6d226f9\" data-element_type=\"widget\" data-widget_type=\"text-editor.default\">\n\t\t\t\t\t\t\t\t\t<p data-start=\"1637\" data-end=\"1905\">Arac\u0131 bir kurulu\u015f olarak, bu hizmetleri sa\u011fl\u0131k turizmi yetki belgesine sahip akredite edilmi\u015f tesislerde sunuyoruz. Sa\u011fl\u0131k turizmi sekt\u00f6r\u00fcnde \u00f6nde gelen bir kurulu\u015f olarak, hasta g\u00fcvenli\u011fi ve haklar\u0131na b\u00fcy\u00fck \u00f6nem vererek ola\u011fan\u00fcst\u00fc hizmetler sunmaktan gurur duyuyoruz.<\/p><p data-start=\"1907\" data-end=\"2109\">G\u00fcvenilir bir arac\u0131 kurum olarak, m\u00fc\u015fterilerimizin \u00e7e\u015fitli bran\u015flarda ve tedavilerde y\u00fcksek kaliteli ve g\u00fcvenilir bak\u0131m almas\u0131n\u0131 sa\u011flamak i\u00e7in sayg\u0131n sa\u011fl\u0131k hizmeti sa\u011flay\u0131c\u0131lar\u0131yla i\u015fbirli\u011fi yap\u0131yoruz.<\/p><p data-start=\"2111\" data-end=\"2591\">Misyonumuz, sa\u011fl\u0131k hizmetlerini eri\u015filebilir ve pratik hale getirerek, insanlar\u0131n ihtiya\u00e7 duyduklar\u0131 bak\u0131m\u0131 almalar\u0131n\u0131 zorla\u015ft\u0131ran engelleri kald\u0131rmakt\u0131r. \u0130lk dan\u0131\u015fmanl\u0131klardan s\u00fcrekli tedavilere kadar her ad\u0131mda yan\u0131n\u0131zday\u0131z, sa\u011fl\u0131k yolculu\u011funuzun kesintisiz, ki\u015fiye \u00f6zel ve en y\u00fcksek t\u0131bbi standartlara uygun olmas\u0131n\u0131 sa\u011fl\u0131yoruz. Vaenos Health&#8217;te, sizin iyili\u011finiz bizim en \u00f6nemli \u00f6nceli\u011fimizdir ve daha iyi bir sa\u011fl\u0131\u011fa ula\u015fman\u0131z i\u00e7in g\u00fcvenilir bir yol sunmaya kendimizi adad\u0131k.<\/p><p data-start=\"2593\" data-end=\"2766\">Bir arac\u0131 kurulu\u015f olarak sundu\u011fumuz hizmetler aras\u0131nda, T\u00fcrkiye&#8217;ye var\u0131\u015f\u0131n\u0131zda ihtiya\u00e7 duydu\u011funuz konaklama ve transfer hizmetleri (havaalan\u0131, otel ve ula\u015f\u0131m) bulunmaktad\u0131r.<\/p><p data-start=\"2768\" data-end=\"2900\">Bir arac\u0131 kurulu\u015f olarak, kolayla\u015ft\u0131rd\u0131\u011f\u0131m\u0131z hizmetler aras\u0131nda di\u015f tedavileri ve kulak burun bo\u011faz (KBB) hizmetleri yer almaktad\u0131r.<\/p>\t\t\t\t\t\t\t\t<\/div>\n\t\t\t\t<\/div>\n\t\t<div class=\"elementor-element elementor-element-f2d03fa e-con-full e-flex e-con e-child\" data-id=\"f2d03fa\" data-element_type=\"container\">\n\t\t\t\t<div class=\"elementor-element elementor-element-d96bf68 elementor-widget elementor-widget-image\" data-id=\"d96bf68\" data-element_type=\"widget\" data-widget_type=\"image.default\">\n\t\t\t\t\t\t\t\t\t\t\t\t\t\t\t<img decoding=\"async\" width=\"800\" height=\"917\" src=\"https:\/\/vaenoshealth.com\/wp-content\/uploads\/2025\/02\/about-us.avif\" class=\"attachment-large size-large wp-image-693\" alt=\"\" srcset=\"https:\/\/vaenoshealth.com\/wp-content\/uploads\/2025\/02\/about-us.avif 886w, https:\/\/vaenoshealth.com\/wp-content\/uploads\/2025\/02\/about-us-262x300.avif 262w, https:\/\/vaenoshealth.com\/wp-content\/uploads\/2025\/02\/about-us-768x881.avif 768w\" sizes=\"(max-width: 800px) 100vw, 800px\" \/>\t\t\t\t\t\t\t\t\t\t\t\t\t\t\t<\/div>\n\t\t\t\t<\/div>\n\t\t\t\t\t<\/div>\n\t\t\t\t<\/div>\n\t\t\t\t<\/div>\n\t\t","protected":false},"excerpt":{"rendered":"<p>Hakk\u0131m\u0131zda D\u00fcnya \u00e7ap\u0131nda sertifikal\u0131 sa\u011fl\u0131k turizmi kurumlar\u0131yla sizi bulu\u015fturuyoruz. Arac\u0131 bir kurulu\u015f olarak, bu hizmetleri sa\u011fl\u0131k turizmi yetki belgesine sahip akredite edilmi\u015f tesislerde sunuyoruz. Sa\u011fl\u0131k turizmi sekt\u00f6r\u00fcnde \u00f6nde gelen bir kurulu\u015f olarak, hasta g\u00fcvenli\u011fi ve haklar\u0131na b\u00fcy\u00fck \u00f6nem vererek ola\u011fan\u00fcst\u00fc hizmetler sunmaktan gurur duyuyoruz. G\u00fcvenilir bir arac\u0131 kurum olarak, m\u00fc\u015fterilerimizin \u00e7e\u015fitli bran\u015flarda ve tedavilerde y\u00fcksek [&hellip;]<\/p>\n","protected":false},"author":1,"featured_media":0,"parent":0,"menu_order":0,"comment_status":"closed","ping_status":"closed","template":"","meta":{"_acf_changed":false,"footnotes":""},"class_list":["post-897","page","type-page","status-publish","hentry"],"acf":[],"_links":{"self":[{"href":"https:\/\/vaenoshealth.com\/tr\/wp-json\/wp\/v2\/pages\/897","targetHints":{"allow":["GET"]}}],"collection":[{"href":"https:\/\/vaenoshealth.com\/tr\/wp-json\/wp\/v2\/pages"}],"about":[{"href":"https:\/\/vaenoshealth.com\/tr\/wp-json\/wp\/v2\/types\/page"}],"author":[{"embeddable":true,"href":"https:\/\/vaenoshealth.com\/tr\/wp-json\/wp\/v2\/users\/1"}],"replies":[{"embeddable":true,"href":"https:\/\/vaenoshealth.com\/tr\/wp-json\/wp\/v2\/comments?post=897"}],"version-history":[{"count":13,"href":"https:\/\/vaenoshealth.com\/tr\/wp-json\/wp\/v2\/pages\/897\/revisions"}],"predecessor-version":[{"id":919,"href":"https:\/\/vaenoshealth.com\/tr\/wp-json\/wp\/v2\/pages\/897\/revisions\/919"}],"wp:attachment":[{"href":"https:\/\/vaenoshealth.com\/tr\/wp-json\/wp\/v2\/media?parent=897"}],"curies":[{"name":"wp","href":"https:\/\/api.w.org\/{rel}","templated":true}]}}