{"id":799,"date":"2025-02-09T11:55:52","date_gmt":"2025-02-09T11:55:52","guid":{"rendered":"https:\/\/vaenoshealth.com\/?page_id=799"},"modified":"2025-02-22T10:52:53","modified_gmt":"2025-02-22T10:52:53","slug":"ueber-uns","status":"publish","type":"page","link":"https:\/\/vaenoshealth.com\/de\/ueber-uns\/","title":{"rendered":"\u00dcber uns"},"content":{"rendered":"\t\t<div data-elementor-type=\"wp-page\" data-elementor-id=\"799\" class=\"elementor elementor-799 elementor-345\" data-elementor-post-type=\"page\">\n\t\t\t\t<div class=\"elementor-element elementor-element-cce067e e-flex e-con-boxed e-con e-parent\" data-id=\"cce067e\" data-element_type=\"container\" data-settings=\"{&quot;background_background&quot;:&quot;classic&quot;}\">\n\t\t\t\t\t<div class=\"e-con-inner\">\n\t\t<div class=\"elementor-element elementor-element-7a660af e-con-full e-flex e-con e-child\" data-id=\"7a660af\" data-element_type=\"container\" data-settings=\"{&quot;background_background&quot;:&quot;classic&quot;}\">\n\t\t\t\t<div class=\"elementor-element elementor-element-30c1e90 elementor-widget elementor-widget-heading\" data-id=\"30c1e90\" data-element_type=\"widget\" data-widget_type=\"heading.default\">\n\t\t\t\t\t<h1 class=\"elementor-heading-title elementor-size-default\">\u00dcber uns<\/h1>\t\t\t\t<\/div>\n\t\t<div class=\"elementor-element elementor-element-912f27b e-con-full e-flex e-con e-child\" data-id=\"912f27b\" data-element_type=\"container\">\n\t\t<div class=\"elementor-element elementor-element-d59b9ee e-con-full e-grid e-con e-child\" data-id=\"d59b9ee\" data-element_type=\"container\" data-settings=\"{&quot;background_background&quot;:&quot;classic&quot;}\">\n\t\t\t\t<div class=\"elementor-element elementor-element-e686854 elementor-widget elementor-widget-text-editor\" data-id=\"e686854\" data-element_type=\"widget\" data-widget_type=\"text-editor.default\">\n\t\t\t\t\t\t\t\t\t<p data-start=\"118\" data-end=\"279\">Wir verbinden Sie mit zertifizierten Gesundheitstourismus-Einrichtungen weltweit.<\/p>\t\t\t\t\t\t\t\t<\/div>\n\t\t\t\t<div class=\"elementor-element elementor-element-c84fc47 elementor-widget__width-initial elementor-button-align-stretch elementor-widget elementor-widget-form\" data-id=\"c84fc47\" data-element_type=\"widget\" data-settings=\"{&quot;step_next_label&quot;:&quot;Next&quot;,&quot;step_previous_label&quot;:&quot;Previous&quot;,&quot;button_width&quot;:&quot;100&quot;,&quot;step_type&quot;:&quot;number_text&quot;,&quot;step_icon_shape&quot;:&quot;circle&quot;}\" data-widget_type=\"form.default\">\n\t\t\t\t\t\t\t<form class=\"elementor-form\" method=\"post\" name=\"Inquiry Form - About\">\n\t\t\t<input type=\"hidden\" name=\"post_id\" value=\"799\"\/>\n\t\t\t<input type=\"hidden\" name=\"form_id\" value=\"c84fc47\"\/>\n\t\t\t<input type=\"hidden\" name=\"referer_title\" value=\"\u00dcber uns\" \/>\n\n\t\t\t\t\t\t\t<input type=\"hidden\" name=\"queried_id\" value=\"799\"\/>\n\t\t\t\n\t\t\t<div class=\"elementor-form-fields-wrapper elementor-labels-\">\n\t\t\t\t\t\t\t\t<div class=\"elementor-field-type-text elementor-field-group elementor-column elementor-field-group-name elementor-col-100\">\n\t\t\t\t\t\t\t\t\t\t\t\t<label for=\"form-field-name\" class=\"elementor-field-label elementor-screen-only\">\n\t\t\t\t\t\t\t\tName\t\t\t\t\t\t\t<\/label>\n\t\t\t\t\t\t\t\t\t\t\t\t\t\t<input size=\"1\" type=\"text\" name=\"form_fields[name]\" id=\"form-field-name\" class=\"elementor-field elementor-size-sm  elementor-field-textual\" placeholder=\"Vollst\u00e4ndiger Name\">\n\t\t\t\t\t\t\t\t\t\t\t<\/div>\n\t\t\t\t\t\t\t\t<div class=\"elementor-field-type-email elementor-field-group elementor-column elementor-field-group-email elementor-col-100 elementor-field-required\">\n\t\t\t\t\t\t\t\t\t\t\t\t<label for=\"form-field-email\" class=\"elementor-field-label elementor-screen-only\">\n\t\t\t\t\t\t\t\tEmail\t\t\t\t\t\t\t<\/label>\n\t\t\t\t\t\t\t\t\t\t\t\t\t\t<input size=\"1\" type=\"email\" name=\"form_fields[email]\" id=\"form-field-email\" class=\"elementor-field elementor-size-sm  elementor-field-textual\" placeholder=\"E-Mail\" required=\"required\">\n\t\t\t\t\t\t\t\t\t\t\t<\/div>\n\t\t\t\t\t\t\t\t<div class=\"elementor-field-type-tel elementor-field-group elementor-column elementor-field-group-field_1f57227 elementor-col-100 elementor-field-required\">\n\t\t\t\t\t\t\t\t\t\t\t\t<label for=\"form-field-field_1f57227\" class=\"elementor-field-label elementor-screen-only\">\n\t\t\t\t\t\t\t\tPhone\t\t\t\t\t\t\t<\/label>\n\t\t\t\t\t\t<span class=\"ccfef-editor-intl-input\" data-id=\"form-field-field_1f57227\" data-field-id=\"1f57227\" data-default-country=\"de\" data-include-countries=\"\" data-exclude-countries=\"\" data-common-countries=\"same\" style=\"display: none;\"><\/span>\t\t<input size=\"1\" type=\"tel\" name=\"form_fields[field_1f57227]\" id=\"form-field-field_1f57227\" class=\"elementor-field elementor-size-sm  elementor-field-textual\" placeholder=\"Telefonnummer\" required=\"required\" pattern=\"[0-9()#&amp;+*-=.]+\" title=\"Nur Nummern oder Telefon-Zeichen (#, -, *, etc) werden akzeptiert.\">\n\n\t\t\t\t\t\t<\/div>\n\t\t\t\t\t\t\t\t<div class=\"elementor-field-type-select elementor-field-group elementor-column elementor-field-group-field_604c83e elementor-col-100 elementor-field-required\">\n\t\t\t\t\t\t\t\t\t\t\t\t<label for=\"form-field-field_604c83e\" class=\"elementor-field-label elementor-screen-only\">\n\t\t\t\t\t\t\t\tProcedure\t\t\t\t\t\t\t<\/label>\n\t\t\t\t\t\t\t\t<div class=\"elementor-field elementor-select-wrapper remove-before \">\n\t\t\t<div class=\"select-caret-down-wrapper\">\n\t\t\t\t<svg aria-hidden=\"true\" class=\"e-font-icon-svg e-eicon-caret-down\" viewBox=\"0 0 571.4 571.4\" xmlns=\"http:\/\/www.w3.org\/2000\/svg\"><path d=\"M571 393Q571 407 561 418L311 668Q300 679 286 679T261 668L11 418Q0 407 0 393T11 368 36 357H536Q550 357 561 368T571 393Z\"><\/path><\/svg>\t\t\t<\/div>\n\t\t\t<select name=\"form_fields[field_604c83e]\" id=\"form-field-field_604c83e\" class=\"elementor-field-textual elementor-size-sm\" required=\"required\">\n\t\t\t\t\t\t\t\t\t<option value=\"W\u00e4hlen Sie eine Behandlung, die Sie interessiert\">W\u00e4hlen Sie eine Behandlung, die Sie interessiert<\/option>\n\t\t\t\t\t\t\t\t\t<option value=\"Gesichts\u00e4sthetik\">Gesichts\u00e4sthetik<\/option>\n\t\t\t\t\t\t\t\t\t<option value=\"Brust\u00e4sthetik\">Brust\u00e4sthetik<\/option>\n\t\t\t\t\t\t\t\t\t<option value=\"K\u00f6rper\u00e4sthetik\">K\u00f6rper\u00e4sthetik<\/option>\n\t\t\t\t\t\t\t\t\t<option value=\"Haartransplantation\">Haartransplantation<\/option>\n\t\t\t\t\t\t\t\t\t<option value=\"Zahnbehandlungen\">Zahnbehandlungen<\/option>\n\t\t\t\t\t\t\t<\/select>\n\t\t<\/div>\n\t\t\t\t\t\t<\/div>\n\t\t\t\t\t\t\t\t<div class=\"elementor-field-group elementor-column elementor-field-type-submit elementor-col-100 e-form__buttons\">\n\t\t\t\t\t<button class=\"elementor-button elementor-size-sm\" type=\"submit\">\n\t\t\t\t\t\t<span class=\"elementor-button-content-wrapper\">\n\t\t\t\t\t\t\t\t\t\t\t\t\t\t\t\t\t\t\t\t\t\t<span class=\"elementor-button-text\">Senden<\/span>\n\t\t\t\t\t\t\t\t\t\t\t\t\t<\/span>\n\t\t\t\t\t<\/button>\n\t\t\t\t<\/div>\n\t\t\t<\/div>\n\t\t<\/form>\n\t\t\t\t\t\t<\/div>\n\t\t\t\t<\/div>\n\t\t<div class=\"elementor-element elementor-element-df12d2b e-con-full e-flex e-con e-child\" data-id=\"df12d2b\" data-element_type=\"container\">\n\t\t\t\t<div class=\"elementor-element elementor-element-a8a8062 elementor-widget elementor-widget-image\" data-id=\"a8a8062\" data-element_type=\"widget\" data-widget_type=\"image.default\">\n\t\t\t\t\t\t\t\t\t\t\t\t\t\t\t<img fetchpriority=\"high\" decoding=\"async\" width=\"800\" height=\"800\" src=\"https:\/\/vaenoshealth.com\/wp-content\/uploads\/2025\/02\/2-1024x1024.jpg\" class=\"attachment-large size-large wp-image-766\" alt=\"\" srcset=\"https:\/\/vaenoshealth.com\/wp-content\/uploads\/2025\/02\/2-1024x1024.jpg 1024w, https:\/\/vaenoshealth.com\/wp-content\/uploads\/2025\/02\/2-300x300.jpg 300w, https:\/\/vaenoshealth.com\/wp-content\/uploads\/2025\/02\/2-150x150.jpg 150w, https:\/\/vaenoshealth.com\/wp-content\/uploads\/2025\/02\/2-768x768.jpg 768w, https:\/\/vaenoshealth.com\/wp-content\/uploads\/2025\/02\/2-1536x1536.jpg 1536w, https:\/\/vaenoshealth.com\/wp-content\/uploads\/2025\/02\/2-2048x2048.jpg 2048w\" sizes=\"(max-width: 800px) 100vw, 800px\" \/>\t\t\t\t\t\t\t\t\t\t\t\t\t\t\t<\/div>\n\t\t\t\t<\/div>\n\t\t\t\t<\/div>\n\t\t\t\t<\/div>\n\t\t\t\t\t<\/div>\n\t\t\t\t<\/div>\n\t\t<div class=\"elementor-element elementor-element-ecfdafb e-flex e-con-boxed e-con e-parent\" data-id=\"ecfdafb\" data-element_type=\"container\">\n\t\t\t\t\t<div class=\"e-con-inner\">\n\t\t<div class=\"elementor-element elementor-element-4d57e34 e-con-full e-flex e-con e-child\" data-id=\"4d57e34\" data-element_type=\"container\">\n\t\t\t\t<div class=\"elementor-element elementor-element-6d226f9 elementor-widget elementor-widget-text-editor\" data-id=\"6d226f9\" data-element_type=\"widget\" data-widget_type=\"text-editor.default\">\n\t\t\t\t\t\t\t\t\t<p data-start=\"99\" data-end=\"466\">Als Vermittlungseinrichtung bieten wir diese Dienstleistungen in akkreditierten Einrichtungen an, die \u00fcber ein Zertifikat zur Zulassung im Gesundheitstourismus verf\u00fcgen. Als f\u00fchrende Organisation im Bereich Gesundheitstourismus sind wir stolz darauf, au\u00dfergew\u00f6hnliche Dienstleistungen zu erbringen, wobei wir besonderen Wert auf Patientensicherheit und -rechte legen.<\/p><p data-start=\"468\" data-end=\"709\">Als renommierte Vermittlungsinstitution arbeiten wir mit angesehenen Gesundheitsanbietern zusammen, um sicherzustellen, dass unsere Kunden in verschiedenen Fachbereichen und Behandlungen eine hochwertige und zuverl\u00e4ssige Versorgung erhalten.<\/p><p data-start=\"711\" data-end=\"1275\">Unsere Mission ist es, die Gesundheitsversorgung zug\u00e4nglich und bequem zu gestalten, indem wir die Barrieren abbauen, die es Menschen oft schwer machen, die ben\u00f6tigte Versorgung zu erhalten. Von der ersten Beratung bis zu fortlaufenden Behandlungen unterst\u00fctzen wir Sie in jedem Schritt und sorgen daf\u00fcr, dass Ihr Gesundheitsweg nahtlos, individuell und den h\u00f6chsten medizinischen Standards entsprechend verl\u00e4uft. Bei Vaenos Health steht Ihr Wohlbefinden an erster Stelle, und wir sind bestrebt, Ihnen einen vertrauensw\u00fcrdigen Weg zu besserer Gesundheit zu bieten.<\/p><p data-start=\"1277\" data-end=\"1478\">Zu den Dienstleistungen, die wir als Vermittlungsorganisation anbieten, geh\u00f6ren die Unterkunfts- und Transferdienste (Flughafen, Hotel und Transport), die Sie bei Ihrer Ankunft in der T\u00fcrkei ben\u00f6tigen.<\/p><p data-start=\"1480\" data-end=\"1617\">Als Vermittlungsorganisation umfassen die von uns organisierten Dienstleistungen unter anderem Zahnbehandlungen und HNO-Dienstleistungen.<\/p>\t\t\t\t\t\t\t\t<\/div>\n\t\t\t\t<\/div>\n\t\t<div class=\"elementor-element elementor-element-f2d03fa e-con-full e-flex e-con e-child\" data-id=\"f2d03fa\" data-element_type=\"container\">\n\t\t\t\t<div class=\"elementor-element elementor-element-d96bf68 elementor-widget elementor-widget-image\" data-id=\"d96bf68\" data-element_type=\"widget\" data-widget_type=\"image.default\">\n\t\t\t\t\t\t\t\t\t\t\t\t\t\t\t<img decoding=\"async\" width=\"800\" height=\"917\" src=\"https:\/\/vaenoshealth.com\/wp-content\/uploads\/2025\/02\/about-us.avif\" class=\"attachment-large size-large wp-image-692\" alt=\"\" srcset=\"https:\/\/vaenoshealth.com\/wp-content\/uploads\/2025\/02\/about-us.avif 886w, https:\/\/vaenoshealth.com\/wp-content\/uploads\/2025\/02\/about-us-262x300.avif 262w, https:\/\/vaenoshealth.com\/wp-content\/uploads\/2025\/02\/about-us-768x881.avif 768w\" sizes=\"(max-width: 800px) 100vw, 800px\" \/>\t\t\t\t\t\t\t\t\t\t\t\t\t\t\t<\/div>\n\t\t\t\t<\/div>\n\t\t\t\t\t<\/div>\n\t\t\t\t<\/div>\n\t\t\t\t<\/div>\n\t\t","protected":false},"excerpt":{"rendered":"<p>\u00dcber uns Wir verbinden Sie mit zertifizierten Gesundheitstourismus-Einrichtungen weltweit. Als Vermittlungseinrichtung bieten wir diese Dienstleistungen in akkreditierten Einrichtungen an, die \u00fcber ein Zertifikat zur Zulassung im Gesundheitstourismus verf\u00fcgen. Als f\u00fchrende Organisation im Bereich Gesundheitstourismus sind wir stolz darauf, au\u00dfergew\u00f6hnliche Dienstleistungen zu erbringen, wobei wir besonderen Wert auf Patientensicherheit und -rechte legen. Als renommierte Vermittlungsinstitution arbeiten [&hellip;]<\/p>\n","protected":false},"author":1,"featured_media":0,"parent":0,"menu_order":0,"comment_status":"closed","ping_status":"closed","template":"","meta":{"_acf_changed":false,"footnotes":""},"class_list":["post-799","page","type-page","status-publish","hentry"],"acf":[],"_links":{"self":[{"href":"https:\/\/vaenoshealth.com\/de\/wp-json\/wp\/v2\/pages\/799","targetHints":{"allow":["GET"]}}],"collection":[{"href":"https:\/\/vaenoshealth.com\/de\/wp-json\/wp\/v2\/pages"}],"about":[{"href":"https:\/\/vaenoshealth.com\/de\/wp-json\/wp\/v2\/types\/page"}],"author":[{"embeddable":true,"href":"https:\/\/vaenoshealth.com\/de\/wp-json\/wp\/v2\/users\/1"}],"replies":[{"embeddable":true,"href":"https:\/\/vaenoshealth.com\/de\/wp-json\/wp\/v2\/comments?post=799"}],"version-history":[{"count":7,"href":"https:\/\/vaenoshealth.com\/de\/wp-json\/wp\/v2\/pages\/799\/revisions"}],"predecessor-version":[{"id":806,"href":"https:\/\/vaenoshealth.com\/de\/wp-json\/wp\/v2\/pages\/799\/revisions\/806"}],"wp:attachment":[{"href":"https:\/\/vaenoshealth.com\/de\/wp-json\/wp\/v2\/media?parent=799"}],"curies":[{"name":"wp","href":"https:\/\/api.w.org\/{rel}","templated":true}]}}